{"id":13,"date":"2020-05-22T07:06:42","date_gmt":"2020-05-22T07:06:42","guid":{"rendered":"http:\/\/www2.ceit.be\/?page_id=13"},"modified":"2021-01-26T15:22:47","modified_gmt":"2021-01-26T15:22:47","slug":"a-propos-de","status":"publish","type":"page","link":"https:\/\/hainaut.sudradio.net\/?page_id=13","title":{"rendered":"\u00c0 propos :"},"content":{"rendered":"\n<h2 class=\"wp-block-heading\"><strong>Bienvenue sur le site de SUD RADIO, le r\u00e9seau du Hainaut !<\/strong><\/h2>\n\n\n\n<p>Radio musicale g\u00e9n\u00e9raliste, <strong>SUD RADIO <\/strong>vous propose une programmation \u00e9clectique, bas\u00e9e sur les plus grands tubes d&rsquo;hier, d&rsquo;aujourd&rsquo;hui et les futurs de demain.<\/p>\n\n\n\n<p>Sud Radio est une radio engag\u00e9e qui soutient les artistes de la F\u00e9d\u00e9ration Wallonie Bruxelles, en diffusant des <strong>artistes belges pour 15%<\/strong> <strong>de sa programmation<\/strong>, sans compter leur mise en lumi\u00e8re au travers d&rsquo;\u00e9missions comme le <strong>\u00ab\u00a0Croissant Show\u00a0\u00bb<\/strong> ou encore <strong>\u00ab\u00a0La Belgique a du Talent !\u00a0\u00bb<\/strong>         Nous mettons aussi l&rsquo;accent sur la <strong>chanson fran\u00e7aise pour 50%<\/strong> de notre programmation et au travers de notre \u00e9mission dominicale <strong>\u00ab\u00a0Chantons Fran\u00e7ais\u00a0\u00bb . <\/strong><\/p>\n\n\n\n<p><strong>Positiver , notre mot cl\u00e9 :<\/strong> Un ton positif et souriant, qui met en lumi\u00e8re les belles initiatives, notre belle province et notre folklore, avec un invit\u00e9 de marque : le soleil ! <\/p>\n\n\n\n<p><strong>Proximit\u00e9 et ancrage local:<\/strong> font partie de <strong>l&rsquo;ADN de SUD RADIO<\/strong>, avec une animation proche des auditeurs, des Flashes d&rsquo;information r\u00e9gionaux le matin et l&rsquo;apr\u00e8s-midi, des agendas, des d\u00e9crochages r\u00e9gion par r\u00e9gion, qui compl\u00e8tent notre action sur le terrain aux quatre coins du Hainaut et de la Wallonie. Concours cibl\u00e9s, animations sur le terrain, duplex \u00e9v\u00e9nementiels,&#8230;, compl\u00e8tent notre ancrage local in\u00e9dit. <\/p>\n\n\n\n<p><strong>Sud Radio vit avec sa r\u00e9gion<\/strong> !<\/p>\n\n\n\n<p><\/p>\n\n\n\n<h2 class=\"wp-block-heading\">Historique<\/h2>\n\n\n\n<p><\/p>\n\n\n\n<p>Il faut remonter \u00e0 1982 pour retracer l&rsquo;historique complet de Sud Radio. A l&rsquo;\u00e9poque, RMP (R\u00e9gie montoise de publicit\u00e9) lance sur les ondes de la r\u00e9gion de Mons-Borinage ses premiers spots publicitaires. Depuis plus d&rsquo;un quart de si\u00e8cle, RMP a install\u00e9 et d\u00e9velopp\u00e9 des radios qui ont toujours \u00e9t\u00e9 leaders sur leur r\u00e9gion, tout en contribuant \u00e0 associer la puissance \u00e0 l&rsquo;efficacit\u00e9 et la souplesse \u00e0 la cr\u00e9ativit\u00e9.<\/p>\n\n\n\n<p>En 1999 Sud Radio pousse ses premi\u00e8res notes sur la bande FM. Cr\u00e9\u00e9e par RMP pour r\u00e9pondre \u00e0 l&rsquo;attente d&rsquo;auditeurs en manque de proximit\u00e9, elle s&rsquo;installe d&rsquo;abord \u00e0 Mons o\u00f9 elle trouve rapidement un public fid\u00e8le, puis \u00e0 La Louvi\u00e8re et dans la r\u00e9gion du Centre, quelques mois plus tard.<\/p>\n\n\n\n<p>En 2001, Sud Radio s&rsquo;installe dans le Hainaut Occidental, avec l&rsquo;ouverture d&rsquo;antennes \u00e0 Tournai et Ath.<\/p>\n\n\n\n<p>2002 est une ann\u00e9e importante pour Sud Radio. Elle arrive dans la m\u00e9tropole de Charleroi et appara\u00eet pour la premi\u00e8re fois dans le CIM Radio, sans avoir de couverture nationale&#8230; Une vraie prouesse !<\/p>\n\n\n\n<p>D\u00e8s 2003, Sud Radio poursuit son d\u00e9veloppement et voit s&rsquo;accro\u00eetre la confiance des commer\u00e7ants r\u00e9gionaux alors que les annonceurs nationaux prennent conscience du ph\u00e9nom\u00e8ne Sud Radio. Dans la foul\u00e9e, une nouvelle antenne est ouverte \u00e0 Braine-le-Comte pour compl\u00e9ter la couverture du Hainaut.<\/p>\n\n\n\n<p>En 2008 enfin, le CSA attribue \u00e0 Sud Radio le r\u00e9seau provincial pour le Hainaut. Un travail de pr\u00e8s de 10 ans r\u00e9compens\u00e9 par une reconnaissance officielle qui permet \u00e0 Sud Radio de poursuivre son d\u00e9veloppement et d&rsquo;ouvrir de nouvelles antennes \u00e0 Mouscron, Comines, Enghien, Beaumont, Chimay,&#8230;<\/p>\n\n\n\n<p>Outre le d\u00e9veloppement de Sud Radio, RMP d\u00e9veloppe parall\u00e8lement d&rsquo;autres activit\u00e9s.<\/p>\n\n\n\n<p>Elle reste une r\u00e9gie publicitaire locale, r\u00e9gionale et nationale. Elle poss\u00e8de un studio de production professionnel et se montre aussi tr\u00e8s active dans le domaine de la sonorisation et dans l&rsquo;\u00e9v\u00e9nementiel.<\/p>\n\n\n\n<h2 class=\"wp-block-heading\">Notre philosophie<\/h2>\n\n\n\n<p>R\u00e9solument positive, Sud Radio propose une programmation riche en hits. Entre souvenirs et nouveaut\u00e9s, chaque auditeur se retrouve dans les tubes propos\u00e9s et peut compter sur une \u00e9quipe de choc pour l&rsquo;accompagner, sur son lieu de travail, \u00e0 la maison ou sur les routes&#8230; Un accompagnement qui se veut familial et convivial, positif et souriant, et surtout&#8230; discret. La musique reste LA star, sur Sud Radio, et les animateurs accompagnent les auditeurs dans la bonne humeur et le positivisme.<\/p>\n\n\n\n<p>Avec de nombreux jeux et concours, Sud Radio g\u00e2te aussi ses auditeurs les plus fid\u00e8les. Musique et humour sont aussi les ma\u00eetres mots des actions propos\u00e9es quotidiennement \u00e0 l&rsquo;antenne.&nbsp;<\/p>\n\n\n\n<p>Enfin, Sud Radio propose aussi plusieurs rendez-vous d&rsquo;information tout au long de la journ\u00e9e. D\u00e8s 6h00 le matin, la r\u00e9daction se mobilise pour offrir aux auditeurs une information de qualit\u00e9 et, ici aussi, d\u00e9lib\u00e9r\u00e9ment positive. S&rsquo;il n&rsquo;est pas question de faire abstraction de la r\u00e9alit\u00e9 quotidienne, il est tout aussi important, pour Sud Radio, de mettre l&rsquo;accent sur les bonnes nouvelles, sur ce qui marche dans notre r\u00e9gion, ou encore sur des initiatives citoyennes originales et novatrices. L&rsquo;ancrage hainuyer se traduit encore par la r\u00e9alisation de portraits ou de rencontres avec des acteurs du monde culturel, sportif ou associatif.<\/p>\n","protected":false},"excerpt":{"rendered":"<p>Bienvenue sur le site de SUD RADIO, le r\u00e9seau du Hainaut ! Radio musicale g\u00e9n\u00e9raliste, SUD RADIO vous propose une programmation \u00e9clectique, bas\u00e9e sur les plus grands tubes d&rsquo;hier, d&rsquo;aujourd&rsquo;hui et les futurs de demain. Sud Radio est une radio engag\u00e9e qui soutient les artistes de la F\u00e9d\u00e9ration Wallonie Bruxelles, en diffusant des artistes belges [&hellip;]<\/p>\n","protected":false},"author":1,"featured_media":0,"parent":0,"menu_order":0,"comment_status":"closed","ping_status":"closed","template":"","meta":{"footnotes":""},"class_list":["post-13","page","type-page","status-publish","hentry"],"_links":{"self":[{"href":"https:\/\/hainaut.sudradio.net\/index.php?rest_route=\/wp\/v2\/pages\/13","targetHints":{"allow":["GET"]}}],"collection":[{"href":"https:\/\/hainaut.sudradio.net\/index.php?rest_route=\/wp\/v2\/pages"}],"about":[{"href":"https:\/\/hainaut.sudradio.net\/index.php?rest_route=\/wp\/v2\/types\/page"}],"author":[{"embeddable":true,"href":"https:\/\/hainaut.sudradio.net\/index.php?rest_route=\/wp\/v2\/users\/1"}],"replies":[{"embeddable":true,"href":"https:\/\/hainaut.sudradio.net\/index.php?rest_route=%2Fwp%2Fv2%2Fcomments&post=13"}],"version-history":[{"count":5,"href":"https:\/\/hainaut.sudradio.net\/index.php?rest_route=\/wp\/v2\/pages\/13\/revisions"}],"predecessor-version":[{"id":2212,"href":"https:\/\/hainaut.sudradio.net\/index.php?rest_route=\/wp\/v2\/pages\/13\/revisions\/2212"}],"wp:attachment":[{"href":"https:\/\/hainaut.sudradio.net\/index.php?rest_route=%2Fwp%2Fv2%2Fmedia&parent=13"}],"curies":[{"name":"wp","href":"https:\/\/api.w.org\/{rel}","templated":true}]}}